{"id":50,"date":"2020-11-19T15:02:38","date_gmt":"2020-11-19T14:02:38","guid":{"rendered":"http:\/\/granitsounds.com\/?page_id=50"},"modified":"2020-11-19T15:02:38","modified_gmt":"2020-11-19T14:02:38","slug":"contact","status":"publish","type":"page","link":"https:\/\/granitsounds.com\/?page_id=50","title":{"rendered":"Contact"},"content":{"rendered":"\n<p>C\u2019est une page avec des informations de contact de base, comme l\u2019adresse et le num\u00e9ro de t\u00e9l\u00e9phone. Vous pouvez aussi essayer une extension pour ajouter un formulaire de contact.<\/p>\n","protected":false},"excerpt":{"rendered":"<p>C\u2019est une page avec des informations de contact de base, comme l\u2019adresse et le num\u00e9ro de t\u00e9l\u00e9phone. Vous pouvez aussi essayer une extension pour ajouter un formulaire de contact.<\/p>\n","protected":false},"author":1,"featured_media":0,"parent":0,"menu_order":0,"comment_status":"closed","ping_status":"closed","template":"","meta":[],"_links":{"self":[{"href":"https:\/\/granitsounds.com\/index.php?rest_route=\/wp\/v2\/pages\/50"}],"collection":[{"href":"https:\/\/granitsounds.com\/index.php?rest_route=\/wp\/v2\/pages"}],"about":[{"href":"https:\/\/granitsounds.com\/index.php?rest_route=\/wp\/v2\/types\/page"}],"author":[{"embeddable":true,"href":"https:\/\/granitsounds.com\/index.php?rest_route=\/wp\/v2\/users\/1"}],"replies":[{"embeddable":true,"href":"https:\/\/granitsounds.com\/index.php?rest_route=%2Fwp%2Fv2%2Fcomments&post=50"}],"version-history":[{"count":1,"href":"https:\/\/granitsounds.com\/index.php?rest_route=\/wp\/v2\/pages\/50\/revisions"}],"predecessor-version":[{"id":56,"href":"https:\/\/granitsounds.com\/index.php?rest_route=\/wp\/v2\/pages\/50\/revisions\/56"}],"wp:attachment":[{"href":"https:\/\/granitsounds.com\/index.php?rest_route=%2Fwp%2Fv2%2Fmedia&parent=50"}],"curies":[{"name":"wp","href":"https:\/\/api.w.org\/{rel}","templated":true}]}}